{"id":1266,"date":"2017-10-30T14:34:58","date_gmt":"2017-10-30T14:34:58","guid":{"rendered":"http:\/\/viaflavia.be\/contact\/"},"modified":"2018-08-03T10:10:06","modified_gmt":"2018-08-03T10:10:06","slug":"contact","status":"publish","type":"page","link":"https:\/\/www.viaflavia.be\/fr\/contact\/","title":{"rendered":"Contact"},"content":{"rendered":"<p>[vc_row full_width=\u00a0\u00bbstretch_row_content_no_spaces\u00a0\u00bb full_height=\u00a0\u00bbyes\u00a0\u00bb css=\u00a0\u00bb.vc_custom_1530272337509{background-image: url(https:\/\/www.viaflavia.be\/wp-content\/uploads\/2015\/02\/slider-main-red-car-1600.jpg?id=868) !important;background-position: center !important;background-repeat: no-repeat !important;background-size: cover !important;}\u00a0\u00bb][vc_column width=\u00a0\u00bb1\/4&Prime;][\/vc_column][vc_column width=\u00a0\u00bb1\/2&Prime; css=\u00a0\u00bb.vc_custom_1509376665859{padding-right: 50px !important;padding-left: 50px !important;background-color: rgba(255,255,255,0.75) !important;*background-color: rgb(255,255,255) !important;}\u00a0\u00bb][vc_column_text]<\/p>\n<h1 style=\"text-align: center;\">Contactez-nous<\/h1>\n<p>[\/vc_column_text]<div role=\"form\" class=\"wpcf7\" id=\"wpcf7-f1246-o1\" lang=\"en-US\" dir=\"ltr\">\n<div class=\"screen-reader-response\" role=\"alert\" aria-live=\"polite\"><\/div>\n<form action=\"\/fr\/wp-json\/wp\/v2\/pages\/1266\/#wpcf7-f1246-o1\" method=\"post\" class=\"wpcf7-form init\" novalidate=\"novalidate\">\n<div style=\"display: none;\">\n<input type=\"hidden\" name=\"_wpcf7\" value=\"1246\" \/>\n<input type=\"hidden\" name=\"_wpcf7_version\" value=\"5.2.2\" \/>\n<input type=\"hidden\" name=\"_wpcf7_locale\" value=\"en_US\" \/>\n<input type=\"hidden\" name=\"_wpcf7_unit_tag\" value=\"wpcf7-f1246-o1\" \/>\n<input type=\"hidden\" name=\"_wpcf7_container_post\" value=\"0\" \/>\n<input type=\"hidden\" name=\"_wpcf7_posted_data_hash\" value=\"\" \/>\n<input type=\"hidden\" name=\"_wpcf7_recaptcha_response\" value=\"\" \/>\n<\/div>\n<p><label> Votre nom*<br \/>\n    <span class=\"wpcf7-form-control-wrap your-name\"><input type=\"text\" name=\"your-name\" value=\"\" size=\"40\" class=\"wpcf7-form-control wpcf7-text wpcf7-validates-as-required\" aria-required=\"true\" aria-invalid=\"false\" \/><\/span> <\/label><\/p>\n<p><label> Votre e-mail*<br \/>\n    <span class=\"wpcf7-form-control-wrap your-email\"><input type=\"email\" name=\"your-email\" value=\"\" size=\"40\" class=\"wpcf7-form-control wpcf7-text wpcf7-email wpcf7-validates-as-required wpcf7-validates-as-email\" aria-required=\"true\" aria-invalid=\"false\" \/><\/span> <\/label><\/p>\n<p><label> Sujet<br \/>\n    <span class=\"wpcf7-form-control-wrap your-subject\"><input type=\"text\" name=\"your-subject\" value=\"\" size=\"40\" class=\"wpcf7-form-control wpcf7-text\" aria-invalid=\"false\" \/><\/span> <\/label><\/p>\n<p><label> Message<br \/>\n    <span class=\"wpcf7-form-control-wrap your-message\"><textarea name=\"your-message\" cols=\"40\" rows=\"10\" class=\"wpcf7-form-control wpcf7-textarea\" aria-invalid=\"false\"><\/textarea><\/span> <\/label><\/p>\n<p><input type=\"submit\" value=\"Envoyer\" class=\"wpcf7-form-control wpcf7-submit\" \/><\/p>\n<div class=\"wpcf7-response-output\" role=\"alert\" aria-hidden=\"true\"><\/div><\/form><\/div>[vc_empty_space height=\u00a0\u00bb100px\u00a0\u00bb][\/vc_column][vc_column width=\u00a0\u00bb1\/4&Prime;][\/vc_column][\/vc_row]<\/p>\n","protected":false},"excerpt":{"rendered":"<p>[vc_row full_width=\u00a0\u00bbstretch_row_content_no_spaces\u00a0\u00bb full_height=\u00a0\u00bbyes\u00a0\u00bb css=\u00a0\u00bb.vc_custom_1530272337509{background-image: url(https:\/\/www.viaflavia.be\/wp-content\/uploads\/2015\/02\/slider-main-red-car-1600.jpg?id=868) !important;background-position: center !important;background-repeat: no-repeat !important;background-size: cover !important;}\u00a0\u00bb][vc_column width=\u00a0\u00bb1\/4&Prime;][\/vc_column][vc_column width=\u00a0\u00bb1\/2&Prime; css=\u00a0\u00bb.vc_custom_1509376665859{padding-right: 50px !important;padding-left: 50px !important;background-color: rgba(255,255,255,0.75) !important;*background-color: rgb(255,255,255) !important;}\u00a0\u00bb][vc_column_text] Contactez-nous [\/vc_column_text][vc_empty_space height=\u00a0\u00bb100px\u00a0\u00bb][\/vc_column][vc_column<span class=\"excerpt-hellip\"> [\u2026]<\/span><\/p>\n","protected":false},"author":1,"featured_media":0,"parent":0,"menu_order":30,"comment_status":"closed","ping_status":"closed","template":"","meta":[],"yoast_head":"<!-- This site is optimized with the Yoast SEO plugin v15.1.1 - https:\/\/yoast.com\/wordpress\/plugins\/seo\/ -->\n<title>Contact - Via Flavia (roadbooks)<\/title>\n<meta name=\"description\" content=\"Des itin\u00e9raires touristiques attractives pr\u00e9sent\u00e9es dans un roadbook professionnel avec indications boule-fl\u00e8che. Fabriqu\u00e9 sur mesure pour clubs, associations et entreprises.\" \/>\n<meta name=\"robots\" content=\"index, follow, max-snippet:-1, max-image-preview:large, max-video-preview:-1\" \/>\n<link rel=\"canonical\" href=\"https:\/\/www.viaflavia.be\/fr\/contact\/\" \/>\n<meta property=\"og:locale\" content=\"fr_FR\" \/>\n<meta property=\"og:type\" content=\"article\" \/>\n<meta property=\"og:title\" content=\"Contact - Via Flavia (roadbooks)\" \/>\n<meta property=\"og:description\" content=\"Des itin\u00e9raires touristiques attractives pr\u00e9sent\u00e9es dans un roadbook professionnel avec indications boule-fl\u00e8che. Fabriqu\u00e9 sur mesure pour clubs, associations et entreprises.\" \/>\n<meta property=\"og:url\" content=\"https:\/\/www.viaflavia.be\/fr\/contact\/\" \/>\n<meta property=\"og:site_name\" content=\"Via Flavia (roadbooks)\" \/>\n<meta property=\"article:modified_time\" content=\"2018-08-03T10:10:06+00:00\" \/>\n<meta property=\"og:image\" content=\"https:\/\/www.viaflavia.be\/wp-content\/uploads\/2020\/10\/banner-VIAFLAVIA-1200x628-1.jpg\" \/>\n\t<meta property=\"og:image:width\" content=\"1200\" \/>\n\t<meta property=\"og:image:height\" content=\"628\" \/>\n<meta name=\"twitter:card\" content=\"summary_large_image\" \/>\n<script type=\"application\/ld+json\" class=\"yoast-schema-graph\">{\"@context\":\"https:\/\/schema.org\",\"@graph\":[{\"@type\":\"WebSite\",\"@id\":\"https:\/\/www.viaflavia.be\/fr\/#website\",\"url\":\"https:\/\/www.viaflavia.be\/fr\/\",\"name\":\"Via Flavia (roadbooks)\",\"description\":\"Roadbooks and More\",\"potentialAction\":[{\"@type\":\"SearchAction\",\"target\":\"https:\/\/www.viaflavia.be\/fr\/?s={search_term_string}\",\"query-input\":\"required name=search_term_string\"}],\"inLanguage\":\"fr-FR\"},{\"@type\":\"WebPage\",\"@id\":\"https:\/\/www.viaflavia.be\/fr\/contact\/#webpage\",\"url\":\"https:\/\/www.viaflavia.be\/fr\/contact\/\",\"name\":\"Contact - Via Flavia (roadbooks)\",\"isPartOf\":{\"@id\":\"https:\/\/www.viaflavia.be\/fr\/#website\"},\"datePublished\":\"2017-10-30T14:34:58+00:00\",\"dateModified\":\"2018-08-03T10:10:06+00:00\",\"description\":\"Des itin\\u00e9raires touristiques attractives pr\\u00e9sent\\u00e9es dans un roadbook professionnel avec indications boule-fl\\u00e8che. Fabriqu\\u00e9 sur mesure pour clubs, associations et entreprises.\",\"inLanguage\":\"fr-FR\",\"potentialAction\":[{\"@type\":\"ReadAction\",\"target\":[\"https:\/\/www.viaflavia.be\/fr\/contact\/\"]}]}]}<\/script>\n<!-- \/ Yoast SEO plugin. -->","_links":{"self":[{"href":"https:\/\/www.viaflavia.be\/fr\/wp-json\/wp\/v2\/pages\/1266\/"}],"collection":[{"href":"https:\/\/www.viaflavia.be\/fr\/wp-json\/wp\/v2\/pages\/"}],"about":[{"href":"https:\/\/www.viaflavia.be\/fr\/wp-json\/wp\/v2\/types\/page\/"}],"author":[{"embeddable":true,"href":"https:\/\/www.viaflavia.be\/fr\/wp-json\/wp\/v2\/users\/1\/"}],"replies":[{"embeddable":true,"href":"https:\/\/www.viaflavia.be\/fr\/wp-json\/wp\/v2\/comments\/?post=1266"}],"version-history":[{"count":5,"href":"https:\/\/www.viaflavia.be\/fr\/wp-json\/wp\/v2\/pages\/1266\/revisions\/"}],"predecessor-version":[{"id":1463,"href":"https:\/\/www.viaflavia.be\/fr\/wp-json\/wp\/v2\/pages\/1266\/revisions\/1463\/"}],"wp:attachment":[{"href":"https:\/\/www.viaflavia.be\/fr\/wp-json\/wp\/v2\/media\/?parent=1266"}],"curies":[{"name":"wp","href":"https:\/\/api.w.org\/{rel}","templated":true}]}}