{"id":1436,"date":"2018-08-01T08:45:54","date_gmt":"2018-08-01T08:45:54","guid":{"rendered":"https:\/\/www.viaflavia.be\/toepassingen\/teambuilding-bedrijfsevenementen\/"},"modified":"2018-08-03T09:46:57","modified_gmt":"2018-08-03T09:46:57","slug":"teambuildings","status":"publish","type":"page","link":"https:\/\/www.viaflavia.be\/fr\/applications\/teambuildings\/","title":{"rendered":"Teambuilding, incentives et \u00e9v\u00e9nements d\u2019entreprise"},"content":{"rendered":"<p>[vc_row][vc_column width=\u00a0\u00bb1\/3&Prime;][vc_empty_space][vc_single_image image=\u00a0\u00bb1391&Prime; img_size=\u00a0\u00bbfull\u00a0\u00bb][\/vc_column][vc_column width=\u00a0\u00bb2\/3&Prime;][vc_empty_space][vc_column_text]\u00c0 l\u2019instar des propri\u00e9taires d\u2019oldtimers, nombreux sont ceux qui aiment emprunter de jolis chemins de campagne et profiter en toute qui\u00e9tude de culture et de nature.<br \/>\nPourquoi ces escapades seraient-elles r\u00e9serv\u00e9es aux voitures anciennes? Quelle que soit la voiture, le plaisir de sillonner de petites routes est intact, pour peu que l\u2019on d\u00e9laisse son GPS. Le copilote guide le conducteur, aid\u00e9 des instructions du \u2018<a href=\"https:\/\/www.viaflavia.be\/fr\/roadbooks-realisations\/\">roadbook<\/a>\u2019. Au d\u00e9tour de ces circuits bucoliques, ils d\u00e9couvrent de magnifiques ch\u00e2teaux, des abbayes ou d\u2019autres sites touristiques remarquables. Cette activit\u00e9 se pr\u00eate aussi \u00e0 merveille comme incentive entre coll\u00e8gues, permettant de souder les \u00e9quipes en favorisant la collaboration, o\u00f9, chacun sera, \u00e0 tour de r\u00f4le, chauffeur, copilote ou passager. Cela les changera du covoiturage et des navettes aux heures de pointe. (<a href=\"https:\/\/www.viaflavia.be\/fr\/applications\/jeu-concours\/\">Voyez \u00e9galement: Jeux-concours, rallyes d\u00e9couverte et chasse au tr\u00e9sor<\/a>).<br \/>\nAvec notre exp\u00e9rience en parcours automobiles, Via Flavia est votre partenaire privil\u00e9gi\u00e9. Nous vous conseillerons les plus belles routes, avec d\u2019\u00e9ventuelles \u00e9tapes en chemin, au d\u00e9part du lieu de votre choix (ex. votre si\u00e8ge principal, ou le lieu d\u2019un \u00e9v\u00e9nement), avec d\u2019agr\u00e9ables haltes gourmandes jusqu\u2019au point d\u2019arriv\u00e9e d\u00e9sir\u00e9. Le tout, fait sur mesure pour vous, et finalis\u00e9 dans les moindres d\u00e9tails.<br \/>\n<a href=\"mailto:info@viaflavia.be\">Contactez-nous sans engagement aucun de votre part<\/a>.[\/vc_column_text][\/vc_column][\/vc_row][vc_row][vc_column][vc_empty_space][\/vc_column][\/vc_row]<\/p>\n","protected":false},"excerpt":{"rendered":"<p>[vc_row][vc_column width=\u00a0\u00bb1\/3&Prime;][vc_empty_space][vc_single_image image=\u00a0\u00bb1391&Prime; img_size=\u00a0\u00bbfull\u00a0\u00bb][\/vc_column][vc_column width=\u00a0\u00bb2\/3&Prime;][vc_empty_space][vc_column_text]\u00c0 l\u2019instar des propri\u00e9taires d\u2019oldtimers, nombreux sont ceux qui aiment emprunter de jolis chemins de campagne et profiter en toute qui\u00e9tude de<span class=\"excerpt-hellip\"> [\u2026]<\/span><\/p>\n","protected":false},"author":1,"featured_media":0,"parent":1435,"menu_order":0,"comment_status":"closed","ping_status":"closed","template":"","meta":[],"yoast_head":"<!-- This site is optimized with the Yoast SEO plugin v15.1.1 - https:\/\/yoast.com\/wordpress\/plugins\/seo\/ -->\n<title>Teambuilding, incentives et \u00e9v\u00e9nements d\u2019entreprise - Via Flavia (roadbooks)<\/title>\n<meta name=\"robots\" content=\"index, follow, max-snippet:-1, max-image-preview:large, max-video-preview:-1\" \/>\n<link rel=\"canonical\" href=\"https:\/\/www.viaflavia.be\/fr\/applications\/teambuildings\/\" \/>\n<meta property=\"og:locale\" content=\"fr_FR\" \/>\n<meta property=\"og:type\" content=\"article\" \/>\n<meta property=\"og:title\" content=\"Teambuilding, incentives et \u00e9v\u00e9nements d\u2019entreprise - Via Flavia (roadbooks)\" \/>\n<meta property=\"og:description\" content=\"[vc_row][vc_column width=\u00a0\u00bb1\/3&Prime;][vc_empty_space][vc_single_image image=\u00a0\u00bb1391&Prime; img_size=\u00a0\u00bbfull\u00a0\u00bb][\/vc_column][vc_column width=\u00a0\u00bb2\/3&Prime;][vc_empty_space][vc_column_text]\u00c0 l\u2019instar des propri\u00e9taires d\u2019oldtimers, nombreux sont ceux qui aiment emprunter de jolis chemins de campagne et profiter en toute qui\u00e9tude de [\u2026]\" \/>\n<meta property=\"og:url\" content=\"https:\/\/www.viaflavia.be\/fr\/applications\/teambuildings\/\" \/>\n<meta property=\"og:site_name\" content=\"Via Flavia (roadbooks)\" \/>\n<meta property=\"article:modified_time\" content=\"2018-08-03T09:46:57+00:00\" \/>\n<meta property=\"og:image\" content=\"https:\/\/www.viaflavia.be\/wp-content\/uploads\/2020\/10\/banner-VIAFLAVIA-1200x628-1.jpg\" \/>\n\t<meta property=\"og:image:width\" content=\"1200\" \/>\n\t<meta property=\"og:image:height\" content=\"628\" \/>\n<meta name=\"twitter:card\" content=\"summary_large_image\" \/>\n<script type=\"application\/ld+json\" class=\"yoast-schema-graph\">{\"@context\":\"https:\/\/schema.org\",\"@graph\":[{\"@type\":\"WebSite\",\"@id\":\"https:\/\/www.viaflavia.be\/fr\/#website\",\"url\":\"https:\/\/www.viaflavia.be\/fr\/\",\"name\":\"Via Flavia (roadbooks)\",\"description\":\"Roadbooks and More\",\"potentialAction\":[{\"@type\":\"SearchAction\",\"target\":\"https:\/\/www.viaflavia.be\/fr\/?s={search_term_string}\",\"query-input\":\"required name=search_term_string\"}],\"inLanguage\":\"fr-FR\"},{\"@type\":\"WebPage\",\"@id\":\"https:\/\/www.viaflavia.be\/fr\/applications\/teambuildings\/#webpage\",\"url\":\"https:\/\/www.viaflavia.be\/fr\/applications\/teambuildings\/\",\"name\":\"Teambuilding, incentives et \\u00e9v\\u00e9nements d\\u2019entreprise - Via Flavia (roadbooks)\",\"isPartOf\":{\"@id\":\"https:\/\/www.viaflavia.be\/fr\/#website\"},\"datePublished\":\"2018-08-01T08:45:54+00:00\",\"dateModified\":\"2018-08-03T09:46:57+00:00\",\"inLanguage\":\"fr-FR\",\"potentialAction\":[{\"@type\":\"ReadAction\",\"target\":[\"https:\/\/www.viaflavia.be\/fr\/applications\/teambuildings\/\"]}]}]}<\/script>\n<!-- \/ Yoast SEO plugin. -->","_links":{"self":[{"href":"https:\/\/www.viaflavia.be\/fr\/wp-json\/wp\/v2\/pages\/1436\/"}],"collection":[{"href":"https:\/\/www.viaflavia.be\/fr\/wp-json\/wp\/v2\/pages\/"}],"about":[{"href":"https:\/\/www.viaflavia.be\/fr\/wp-json\/wp\/v2\/types\/page\/"}],"author":[{"embeddable":true,"href":"https:\/\/www.viaflavia.be\/fr\/wp-json\/wp\/v2\/users\/1\/"}],"replies":[{"embeddable":true,"href":"https:\/\/www.viaflavia.be\/fr\/wp-json\/wp\/v2\/comments\/?post=1436"}],"version-history":[{"count":4,"href":"https:\/\/www.viaflavia.be\/fr\/wp-json\/wp\/v2\/pages\/1436\/revisions\/"}],"predecessor-version":[{"id":1447,"href":"https:\/\/www.viaflavia.be\/fr\/wp-json\/wp\/v2\/pages\/1436\/revisions\/1447\/"}],"up":[{"embeddable":true,"href":"https:\/\/www.viaflavia.be\/fr\/wp-json\/wp\/v2\/pages\/1435\/"}],"wp:attachment":[{"href":"https:\/\/www.viaflavia.be\/fr\/wp-json\/wp\/v2\/media\/?parent=1436"}],"curies":[{"name":"wp","href":"https:\/\/api.w.org\/{rel}","templated":true}]}}