{"id":1442,"date":"2018-08-01T08:39:18","date_gmt":"2018-08-01T08:39:18","guid":{"rendered":"https:\/\/www.viaflavia.be\/applications\/autopresentaties-testritten\/"},"modified":"2018-08-03T09:41:03","modified_gmt":"2018-08-03T09:41:03","slug":"autopresentaties-testritten","status":"publish","type":"page","link":"https:\/\/www.viaflavia.be\/fr\/applications\/autopresentaties-testritten\/","title":{"rendered":"Pr\u00e9sentations de mod\u00e8les automobiles et parcours d\u2019essai"},"content":{"rendered":"<p>[vc_row][vc_column width=\u00a0\u00bb1\/3&Prime;][vc_empty_space][vc_single_image image=\u00a0\u00bb1430&Prime; img_size=\u00a0\u00bbfull\u00a0\u00bb][\/vc_column][vc_column width=\u00a0\u00bb2\/3&Prime;][vc_empty_space][vc_column_text]En tant que responsable de communication dans le secteur automobile, votre quotidien, c\u2019est la voiture. Probablement aussi pendant vos loisirs. Amateur\/trice averti(e) de belle m\u00e9canique et\/ou de bolides, vous participez \u00e0 de nombreux \u00e9v\u00e9nements auto. Ou vous en organisez vous-m\u00eame pour mettre en avant votre\/vos marque(s) et mod\u00e8les.<br \/>\nD\u2019exp\u00e9rience, nous savons \u00e0 quel point un trajet d\u2019essai avec un nouveau mod\u00e8le est le meilleur moyen de promouvoir un nouveau mod\u00e8le aupr\u00e8s d\u2019acheteurs potentiels ou de la presse. Les journalistes sp\u00e9cialis\u00e9s professionnels pr\u00e9f\u00e8rent r\u00e9diger leur article apr\u00e8s avoir pu tester abondamment un v\u00e9hicule en conditions r\u00e9elles. Rien de tel qu\u2019un circuit parfaitement rod\u00e9, un \u2018roadbook\u2019 dessin\u00e9 sur mesure pour faire d\u00e9couvrir toutes les possibilit\u00e9s de votre nouveau mod\u00e8le \u00e0 la presse, aux vendeurs des dealers, ainsi qu\u2019au grand public.<br \/>\nAvec notre exp\u00e9rience en parcours automobiles, ViaFlavia est votre partenaire privil\u00e9gi\u00e9. Nous vous conseillerons les plus belles routes, avec d\u2019\u00e9ventuelles \u00e9tapes en chemin, au d\u00e9part du lieu de votre choix (ex. votre si\u00e8ge principal, un showroom sp\u00e9cifique ou le lieu d\u2019un \u00e9v\u00e9nement), avec d\u2019agr\u00e9ables haltes gourmandes jusqu\u2019au point d\u2019arriv\u00e9e d\u00e9sir\u00e9. Le tout, fait sur mesure pour vous, et finalis\u00e9 dans les moindres d\u00e9tails.<br \/>\n<a href=\"mailto:info@viaflavia.be\">Contactez-nous sans engagement aucun de votre part<\/a>.[\/vc_column_text][\/vc_column][\/vc_row][vc_row][vc_column][vc_empty_space][\/vc_column][\/vc_row]<\/p>\n","protected":false},"excerpt":{"rendered":"<p>[vc_row][vc_column width=\u00a0\u00bb1\/3&Prime;][vc_empty_space][vc_single_image image=\u00a0\u00bb1430&Prime; img_size=\u00a0\u00bbfull\u00a0\u00bb][\/vc_column][vc_column width=\u00a0\u00bb2\/3&Prime;][vc_empty_space][vc_column_text]En tant que responsable de communication dans le secteur automobile, votre quotidien, c\u2019est la voiture. Probablement aussi pendant vos loisirs. Amateur\/trice averti(e)<span class=\"excerpt-hellip\"> [\u2026]<\/span><\/p>\n","protected":false},"author":1,"featured_media":0,"parent":1435,"menu_order":0,"comment_status":"closed","ping_status":"closed","template":"","meta":[],"yoast_head":"<!-- This site is optimized with the Yoast SEO plugin v15.1.1 - https:\/\/yoast.com\/wordpress\/plugins\/seo\/ -->\n<title>Pr\u00e9sentations de mod\u00e8les automobiles et parcours d\u2019essai - Via Flavia (roadbooks)<\/title>\n<meta name=\"robots\" content=\"index, follow, max-snippet:-1, max-image-preview:large, max-video-preview:-1\" \/>\n<link rel=\"canonical\" href=\"https:\/\/www.viaflavia.be\/fr\/applications\/autopresentaties-testritten\/\" \/>\n<meta property=\"og:locale\" content=\"fr_FR\" \/>\n<meta property=\"og:type\" content=\"article\" \/>\n<meta property=\"og:title\" content=\"Pr\u00e9sentations de mod\u00e8les automobiles et parcours d\u2019essai - Via Flavia (roadbooks)\" \/>\n<meta property=\"og:description\" content=\"[vc_row][vc_column width=\u00a0\u00bb1\/3&Prime;][vc_empty_space][vc_single_image image=\u00a0\u00bb1430&Prime; img_size=\u00a0\u00bbfull\u00a0\u00bb][\/vc_column][vc_column width=\u00a0\u00bb2\/3&Prime;][vc_empty_space][vc_column_text]En tant que responsable de communication dans le secteur automobile, votre quotidien, c\u2019est la voiture. Probablement aussi pendant vos loisirs. Amateur\/trice averti(e) [\u2026]\" \/>\n<meta property=\"og:url\" content=\"https:\/\/www.viaflavia.be\/fr\/applications\/autopresentaties-testritten\/\" \/>\n<meta property=\"og:site_name\" content=\"Via Flavia (roadbooks)\" \/>\n<meta property=\"article:modified_time\" content=\"2018-08-03T09:41:03+00:00\" \/>\n<meta property=\"og:image\" content=\"https:\/\/www.viaflavia.be\/wp-content\/uploads\/2020\/10\/banner-VIAFLAVIA-1200x628-1.jpg\" \/>\n\t<meta property=\"og:image:width\" content=\"1200\" \/>\n\t<meta property=\"og:image:height\" content=\"628\" \/>\n<meta name=\"twitter:card\" content=\"summary_large_image\" \/>\n<script type=\"application\/ld+json\" class=\"yoast-schema-graph\">{\"@context\":\"https:\/\/schema.org\",\"@graph\":[{\"@type\":\"WebSite\",\"@id\":\"https:\/\/www.viaflavia.be\/fr\/#website\",\"url\":\"https:\/\/www.viaflavia.be\/fr\/\",\"name\":\"Via Flavia (roadbooks)\",\"description\":\"Roadbooks and More\",\"potentialAction\":[{\"@type\":\"SearchAction\",\"target\":\"https:\/\/www.viaflavia.be\/fr\/?s={search_term_string}\",\"query-input\":\"required name=search_term_string\"}],\"inLanguage\":\"fr-FR\"},{\"@type\":\"WebPage\",\"@id\":\"https:\/\/www.viaflavia.be\/fr\/applications\/autopresentaties-testritten\/#webpage\",\"url\":\"https:\/\/www.viaflavia.be\/fr\/applications\/autopresentaties-testritten\/\",\"name\":\"Pr\\u00e9sentations de mod\\u00e8les automobiles et parcours d\\u2019essai - Via Flavia (roadbooks)\",\"isPartOf\":{\"@id\":\"https:\/\/www.viaflavia.be\/fr\/#website\"},\"datePublished\":\"2018-08-01T08:39:18+00:00\",\"dateModified\":\"2018-08-03T09:41:03+00:00\",\"inLanguage\":\"fr-FR\",\"potentialAction\":[{\"@type\":\"ReadAction\",\"target\":[\"https:\/\/www.viaflavia.be\/fr\/applications\/autopresentaties-testritten\/\"]}]}]}<\/script>\n<!-- \/ Yoast SEO plugin. -->","_links":{"self":[{"href":"https:\/\/www.viaflavia.be\/fr\/wp-json\/wp\/v2\/pages\/1442\/"}],"collection":[{"href":"https:\/\/www.viaflavia.be\/fr\/wp-json\/wp\/v2\/pages\/"}],"about":[{"href":"https:\/\/www.viaflavia.be\/fr\/wp-json\/wp\/v2\/types\/page\/"}],"author":[{"embeddable":true,"href":"https:\/\/www.viaflavia.be\/fr\/wp-json\/wp\/v2\/users\/1\/"}],"replies":[{"embeddable":true,"href":"https:\/\/www.viaflavia.be\/fr\/wp-json\/wp\/v2\/comments\/?post=1442"}],"version-history":[{"count":1,"href":"https:\/\/www.viaflavia.be\/fr\/wp-json\/wp\/v2\/pages\/1442\/revisions\/"}],"predecessor-version":[{"id":1443,"href":"https:\/\/www.viaflavia.be\/fr\/wp-json\/wp\/v2\/pages\/1442\/revisions\/1443\/"}],"up":[{"embeddable":true,"href":"https:\/\/www.viaflavia.be\/fr\/wp-json\/wp\/v2\/pages\/1435\/"}],"wp:attachment":[{"href":"https:\/\/www.viaflavia.be\/fr\/wp-json\/wp\/v2\/media\/?parent=1442"}],"curies":[{"name":"wp","href":"https:\/\/api.w.org\/{rel}","templated":true}]}}