{"id":1444,"date":"2018-08-01T08:48:28","date_gmt":"2018-08-01T08:48:28","guid":{"rendered":"https:\/\/www.viaflavia.be\/applications\/zoektochten-plezierwedstrijden\/"},"modified":"2018-08-03T09:43:38","modified_gmt":"2018-08-03T09:43:38","slug":"jeu-concours","status":"publish","type":"page","link":"https:\/\/www.viaflavia.be\/fr\/applications\/jeu-concours\/","title":{"rendered":"Jeu-concours, rallyes d\u00e9couverte et chasse au tr\u00e9sor"},"content":{"rendered":"<p>[vc_row][vc_column width=\u00a0\u00bb1\/3&Prime;][vc_empty_space][vc_single_image image=\u00a0\u00bb1432&Prime; img_size=\u00a0\u00bbfull\u00a0\u00bb][\/vc_column][vc_column width=\u00a0\u00bb2\/3&Prime;][vc_empty_space][vc_column_text]Un <a href=\"https:\/\/www.viaflavia.be\/fr\/roadbooks-realisations\/\">rallye type \u201cboule\/fl\u00e8che\u201d<\/a> ne se limite pas n\u00e9cessairement \u00e0 un circuit sur les belles routes, souvent peu connues. Le roadbook peut guider vos participants vers des sites int\u00e9ressants et des attractions touristiques. Plusieurs arr\u00eats peuvent \u00eatres pr\u00e9vus et de nombreuses activit\u00e9s sont envisageables: visites (guid\u00e9es ou non), d\u00e9monstrations, d\u00e9gustations, jeu-concours ou autres d\u00e9fis\u2026<br \/>\nUne v\u00e9ritable qu\u00eate peut \u00eatre mise en place, o\u00f9 \u00e0 chaque arr\u00eat une nouvelle partie du roadbook est distribu\u00e9. Ainsi la destination finale reste secr\u00e8te jusque peu avant l\u2019arriv\u00e9e. Une fa\u00e7on excellente de garder la tension pendant toute la journ\u00e9e et de promouvoir l\u2019esprit d\u2019\u00e9quipe. Et si l\u2019on choisit l\u2019\u00e9l\u00e9ment concours, la journ\u00e9e se termine avec une remise de prix et une coupe pour la meilleure \u00e9quipe!<br \/>\nLes possibilit\u00e9s sont infinies, beaucoup de choses peuvent \u00eatre combin\u00e9s, le tout en fonction de vos propres id\u00e9es, d\u00e9sires et budget. Le tout, fait sur mesure pour vous, et finalis\u00e9 dans les moindres d\u00e9tails. Via Flavia est le partenaire privil\u00e9gi\u00e9 pour votre \u00e9v\u00e9nement<br \/>\n<a href=\"mailto:info@viaflavia.be\">Contactez-nous sans engagement aucun de votre part<\/a>.[\/vc_column_text][\/vc_column][\/vc_row][vc_row][vc_column][vc_empty_space][\/vc_column][\/vc_row]<\/p>\n","protected":false},"excerpt":{"rendered":"<p>[vc_row][vc_column width=\u00a0\u00bb1\/3&Prime;][vc_empty_space][vc_single_image image=\u00a0\u00bb1432&Prime; img_size=\u00a0\u00bbfull\u00a0\u00bb][\/vc_column][vc_column width=\u00a0\u00bb2\/3&Prime;][vc_empty_space][vc_column_text]Un rallye type \u201cboule\/fl\u00e8che\u201d ne se limite pas n\u00e9cessairement \u00e0 un circuit sur les belles routes, souvent peu connues. Le roadbook peut<span class=\"excerpt-hellip\"> [\u2026]<\/span><\/p>\n","protected":false},"author":1,"featured_media":0,"parent":1435,"menu_order":0,"comment_status":"closed","ping_status":"closed","template":"","meta":[],"yoast_head":"<!-- This site is optimized with the Yoast SEO plugin v15.1.1 - https:\/\/yoast.com\/wordpress\/plugins\/seo\/ -->\n<title>Jeu-concours, rallyes d\u00e9couverte et chasse au tr\u00e9sor - Via Flavia (roadbooks)<\/title>\n<meta name=\"robots\" content=\"index, follow, max-snippet:-1, max-image-preview:large, max-video-preview:-1\" \/>\n<link rel=\"canonical\" href=\"https:\/\/www.viaflavia.be\/fr\/applications\/jeu-concours\/\" \/>\n<meta property=\"og:locale\" content=\"fr_FR\" \/>\n<meta property=\"og:type\" content=\"article\" \/>\n<meta property=\"og:title\" content=\"Jeu-concours, rallyes d\u00e9couverte et chasse au tr\u00e9sor - Via Flavia (roadbooks)\" \/>\n<meta property=\"og:description\" content=\"[vc_row][vc_column width=\u00a0\u00bb1\/3&Prime;][vc_empty_space][vc_single_image image=\u00a0\u00bb1432&Prime; img_size=\u00a0\u00bbfull\u00a0\u00bb][\/vc_column][vc_column width=\u00a0\u00bb2\/3&Prime;][vc_empty_space][vc_column_text]Un rallye type \u201cboule\/fl\u00e8che\u201d ne se limite pas n\u00e9cessairement \u00e0 un circuit sur les belles routes, souvent peu connues. Le roadbook peut [\u2026]\" \/>\n<meta property=\"og:url\" content=\"https:\/\/www.viaflavia.be\/fr\/applications\/jeu-concours\/\" \/>\n<meta property=\"og:site_name\" content=\"Via Flavia (roadbooks)\" \/>\n<meta property=\"article:modified_time\" content=\"2018-08-03T09:43:38+00:00\" \/>\n<meta property=\"og:image\" content=\"https:\/\/www.viaflavia.be\/wp-content\/uploads\/2020\/10\/banner-VIAFLAVIA-1200x628-1.jpg\" \/>\n\t<meta property=\"og:image:width\" content=\"1200\" \/>\n\t<meta property=\"og:image:height\" content=\"628\" \/>\n<meta name=\"twitter:card\" content=\"summary_large_image\" \/>\n<script type=\"application\/ld+json\" class=\"yoast-schema-graph\">{\"@context\":\"https:\/\/schema.org\",\"@graph\":[{\"@type\":\"WebSite\",\"@id\":\"https:\/\/www.viaflavia.be\/fr\/#website\",\"url\":\"https:\/\/www.viaflavia.be\/fr\/\",\"name\":\"Via Flavia (roadbooks)\",\"description\":\"Roadbooks and More\",\"potentialAction\":[{\"@type\":\"SearchAction\",\"target\":\"https:\/\/www.viaflavia.be\/fr\/?s={search_term_string}\",\"query-input\":\"required name=search_term_string\"}],\"inLanguage\":\"fr-FR\"},{\"@type\":\"WebPage\",\"@id\":\"https:\/\/www.viaflavia.be\/fr\/applications\/jeu-concours\/#webpage\",\"url\":\"https:\/\/www.viaflavia.be\/fr\/applications\/jeu-concours\/\",\"name\":\"Jeu-concours, rallyes d\\u00e9couverte et chasse au tr\\u00e9sor - Via Flavia (roadbooks)\",\"isPartOf\":{\"@id\":\"https:\/\/www.viaflavia.be\/fr\/#website\"},\"datePublished\":\"2018-08-01T08:48:28+00:00\",\"dateModified\":\"2018-08-03T09:43:38+00:00\",\"inLanguage\":\"fr-FR\",\"potentialAction\":[{\"@type\":\"ReadAction\",\"target\":[\"https:\/\/www.viaflavia.be\/fr\/applications\/jeu-concours\/\"]}]}]}<\/script>\n<!-- \/ Yoast SEO plugin. -->","_links":{"self":[{"href":"https:\/\/www.viaflavia.be\/fr\/wp-json\/wp\/v2\/pages\/1444\/"}],"collection":[{"href":"https:\/\/www.viaflavia.be\/fr\/wp-json\/wp\/v2\/pages\/"}],"about":[{"href":"https:\/\/www.viaflavia.be\/fr\/wp-json\/wp\/v2\/types\/page\/"}],"author":[{"embeddable":true,"href":"https:\/\/www.viaflavia.be\/fr\/wp-json\/wp\/v2\/users\/1\/"}],"replies":[{"embeddable":true,"href":"https:\/\/www.viaflavia.be\/fr\/wp-json\/wp\/v2\/comments\/?post=1444"}],"version-history":[{"count":2,"href":"https:\/\/www.viaflavia.be\/fr\/wp-json\/wp\/v2\/pages\/1444\/revisions\/"}],"predecessor-version":[{"id":1446,"href":"https:\/\/www.viaflavia.be\/fr\/wp-json\/wp\/v2\/pages\/1444\/revisions\/1446\/"}],"up":[{"embeddable":true,"href":"https:\/\/www.viaflavia.be\/fr\/wp-json\/wp\/v2\/pages\/1435\/"}],"wp:attachment":[{"href":"https:\/\/www.viaflavia.be\/fr\/wp-json\/wp\/v2\/media\/?parent=1444"}],"curies":[{"name":"wp","href":"https:\/\/api.w.org\/{rel}","templated":true}]}}