{"id":1448,"date":"2018-08-01T07:56:08","date_gmt":"2018-08-01T07:56:08","guid":{"rendered":"https:\/\/www.viaflavia.be\/applications\/toeristische-rallys-voor-clubs-verenigingen\/"},"modified":"2018-08-03T09:50:33","modified_gmt":"2018-08-03T09:50:33","slug":"clubs-associations","status":"publish","type":"page","link":"https:\/\/www.viaflavia.be\/fr\/applications\/clubs-associations\/","title":{"rendered":"Rallyes touristiques pour clubs &#038; associations"},"content":{"rendered":"<p>[vc_row][vc_column width=\u00a0\u00bb1\/3&Prime;][vc_empty_space][vc_single_image image=\u00a0\u00bb1394&Prime; img_size=\u00a0\u00bbfull\u00a0\u00bb][\/vc_column][vc_column width=\u00a0\u00bb2\/3&Prime;][vc_empty_space][vc_column_text]Les clubs automobiles ou organisateurs d\u2019\u00e9v\u00e9nements dans le milieu des voitures anc\u00eatres connaissent bien les rallyes trac\u00e9s selon <a href=\"https:\/\/www.viaflavia.be\/fr\/roadbooks-realisations\/\">le principe \u2018fl\u00e9ch\u00e9-m\u00e9tr\u00e9\u2019 (boule\/fl\u00e8che)<\/a>. Des randonn\u00e9es touristiques \u2013 \u00e9ventuellement li\u00e9es \u00e0 un petit concours \u2013 se trouvent pratiquement toujours sur le calendrier d\u2019activit\u00e9s r\u00e9guli\u00e8res. Dans la plupart des cas, ces circuits et les roadbooks accompagnants, sont d\u00e9velopp\u00e9s en interne et bien souvent par les m\u00eames personnes. Parfois, un peu d\u2019aide de tiers peut \u00eatre bienvenue\u2026<br \/>\nPour les clubs service ou les associations de toute autre genre, un rallye touristique peut \u00e9galement \u00eatre une belle activit\u00e9 pour ses membres ou sympathisants. Il ne faut vraiment pas \u00eatre propri\u00e9taire d\u2019un anc\u00eatre ou autre voiture classique pour pouvoir sillonner nos belles routes en groupe et aller \u00e0 la d\u00e9couverte d\u2019endroits et paysages peu connus. Mais comment s\u2019y prendre?<br \/>\nVia Flavia peut vous proposer un tout nouveau parcours ou adapter et actualiser un roadbook existant en fonction des d\u00e9sirs et demandes de l\u2019organisateur. Parmi le vaste choix de routes que nous avons \u00e9labor\u00e9s depuis de nombreuses ann\u00e9es dans notre pays \u2013 ou dans les pays voisins \u2013 il y a certainement quelque chose qui peut plaire \u00e0 vos membres et autres participants.<br \/>\n<a href=\"mailto:info@viaflavia.be\">Contactez-nous sans engagement aucun de votre part<\/a>.[\/vc_column_text][\/vc_column][\/vc_row][vc_row][vc_column][vc_empty_space][\/vc_column][\/vc_row]<\/p>\n","protected":false},"excerpt":{"rendered":"<p>[vc_row][vc_column width=\u00a0\u00bb1\/3&Prime;][vc_empty_space][vc_single_image image=\u00a0\u00bb1394&Prime; img_size=\u00a0\u00bbfull\u00a0\u00bb][\/vc_column][vc_column width=\u00a0\u00bb2\/3&Prime;][vc_empty_space][vc_column_text]Les clubs automobiles ou organisateurs d\u2019\u00e9v\u00e9nements dans le milieu des voitures anc\u00eatres connaissent bien les rallyes trac\u00e9s selon le principe \u2018fl\u00e9ch\u00e9-m\u00e9tr\u00e9\u2019 (boule\/fl\u00e8che).<span class=\"excerpt-hellip\"> [\u2026]<\/span><\/p>\n","protected":false},"author":1,"featured_media":0,"parent":1435,"menu_order":0,"comment_status":"closed","ping_status":"closed","template":"","meta":[],"yoast_head":"<!-- This site is optimized with the Yoast SEO plugin v15.1.1 - https:\/\/yoast.com\/wordpress\/plugins\/seo\/ -->\n<title>Rallyes touristiques pour clubs &amp; associations - Via Flavia (roadbooks)<\/title>\n<meta name=\"robots\" content=\"index, follow, max-snippet:-1, max-image-preview:large, max-video-preview:-1\" \/>\n<link rel=\"canonical\" href=\"https:\/\/www.viaflavia.be\/fr\/applications\/clubs-associations\/\" \/>\n<meta property=\"og:locale\" content=\"fr_FR\" \/>\n<meta property=\"og:type\" content=\"article\" \/>\n<meta property=\"og:title\" content=\"Rallyes touristiques pour clubs &amp; associations - Via Flavia (roadbooks)\" \/>\n<meta property=\"og:description\" content=\"[vc_row][vc_column width=\u00a0\u00bb1\/3&Prime;][vc_empty_space][vc_single_image image=\u00a0\u00bb1394&Prime; img_size=\u00a0\u00bbfull\u00a0\u00bb][\/vc_column][vc_column width=\u00a0\u00bb2\/3&Prime;][vc_empty_space][vc_column_text]Les clubs automobiles ou organisateurs d\u2019\u00e9v\u00e9nements dans le milieu des voitures anc\u00eatres connaissent bien les rallyes trac\u00e9s selon le principe \u2018fl\u00e9ch\u00e9-m\u00e9tr\u00e9\u2019 (boule\/fl\u00e8che). [\u2026]\" \/>\n<meta property=\"og:url\" content=\"https:\/\/www.viaflavia.be\/fr\/applications\/clubs-associations\/\" \/>\n<meta property=\"og:site_name\" content=\"Via Flavia (roadbooks)\" \/>\n<meta property=\"article:modified_time\" content=\"2018-08-03T09:50:33+00:00\" \/>\n<meta property=\"og:image\" content=\"https:\/\/www.viaflavia.be\/wp-content\/uploads\/2020\/10\/banner-VIAFLAVIA-1200x628-1.jpg\" \/>\n\t<meta property=\"og:image:width\" content=\"1200\" \/>\n\t<meta property=\"og:image:height\" content=\"628\" \/>\n<meta name=\"twitter:card\" content=\"summary_large_image\" \/>\n<script type=\"application\/ld+json\" class=\"yoast-schema-graph\">{\"@context\":\"https:\/\/schema.org\",\"@graph\":[{\"@type\":\"WebSite\",\"@id\":\"https:\/\/www.viaflavia.be\/fr\/#website\",\"url\":\"https:\/\/www.viaflavia.be\/fr\/\",\"name\":\"Via Flavia (roadbooks)\",\"description\":\"Roadbooks and More\",\"potentialAction\":[{\"@type\":\"SearchAction\",\"target\":\"https:\/\/www.viaflavia.be\/fr\/?s={search_term_string}\",\"query-input\":\"required name=search_term_string\"}],\"inLanguage\":\"fr-FR\"},{\"@type\":\"WebPage\",\"@id\":\"https:\/\/www.viaflavia.be\/fr\/applications\/clubs-associations\/#webpage\",\"url\":\"https:\/\/www.viaflavia.be\/fr\/applications\/clubs-associations\/\",\"name\":\"Rallyes touristiques pour clubs & associations - Via Flavia (roadbooks)\",\"isPartOf\":{\"@id\":\"https:\/\/www.viaflavia.be\/fr\/#website\"},\"datePublished\":\"2018-08-01T07:56:08+00:00\",\"dateModified\":\"2018-08-03T09:50:33+00:00\",\"inLanguage\":\"fr-FR\",\"potentialAction\":[{\"@type\":\"ReadAction\",\"target\":[\"https:\/\/www.viaflavia.be\/fr\/applications\/clubs-associations\/\"]}]}]}<\/script>\n<!-- \/ Yoast SEO plugin. -->","_links":{"self":[{"href":"https:\/\/www.viaflavia.be\/fr\/wp-json\/wp\/v2\/pages\/1448\/"}],"collection":[{"href":"https:\/\/www.viaflavia.be\/fr\/wp-json\/wp\/v2\/pages\/"}],"about":[{"href":"https:\/\/www.viaflavia.be\/fr\/wp-json\/wp\/v2\/types\/page\/"}],"author":[{"embeddable":true,"href":"https:\/\/www.viaflavia.be\/fr\/wp-json\/wp\/v2\/users\/1\/"}],"replies":[{"embeddable":true,"href":"https:\/\/www.viaflavia.be\/fr\/wp-json\/wp\/v2\/comments\/?post=1448"}],"version-history":[{"count":1,"href":"https:\/\/www.viaflavia.be\/fr\/wp-json\/wp\/v2\/pages\/1448\/revisions\/"}],"predecessor-version":[{"id":1449,"href":"https:\/\/www.viaflavia.be\/fr\/wp-json\/wp\/v2\/pages\/1448\/revisions\/1449\/"}],"up":[{"embeddable":true,"href":"https:\/\/www.viaflavia.be\/fr\/wp-json\/wp\/v2\/pages\/1435\/"}],"wp:attachment":[{"href":"https:\/\/www.viaflavia.be\/fr\/wp-json\/wp\/v2\/media\/?parent=1448"}],"curies":[{"name":"wp","href":"https:\/\/api.w.org\/{rel}","templated":true}]}}